{"id":8302,"date":"2023-05-01T07:24:18","date_gmt":"2023-05-01T05:24:18","guid":{"rendered":"https:\/\/berghof.cs4web.at\/garni-more-in-summer\/"},"modified":"2023-08-17T11:50:05","modified_gmt":"2023-08-17T09:50:05","slug":"garni-more-in-summer","status":"publish","type":"page","link":"https:\/\/berg-hof.at\/en\/garni-more-in-summer\/","title":{"rendered":"Garni &amp; More in summer"},"content":{"rendered":"<h4>Garni &amp; More<\/h4>\n<h3>Hotel Berghof<\/h3>\n<p>Summer vacation in St. Oswald\/Bad Kleinkirchheim in the heart of the Nockberge Biosphere Park<\/p>\n<h4>Garni &amp; More<\/h4>\n<h3>Hotel Berghof<\/h3>\n<p>Summer vacation in St. Oswald\/Bad Kleinkirchheim in the heart of the Nockberge Biosphere Park<br \/>\nYour 4-star holiday in Austria<\/p>\n<h3>aEvery comfort in the BERGHOF<\/h3>\n<p>Look forward to <strong>enjoyable days at Hotel Garni Berghof<\/strong> in K\u00e4rnten. The furnishings and equipment are <strong>geared<\/strong> towards <strong>your requirements<\/strong> for a relaxing holiday. Benefit from <strong>lovely extras<\/strong> that not every hotel offers!<\/p>\n<p>Due to its idyllic location, the hotel is also <strong>perfect for family holidays<\/strong> in Austria: your children can let off steam on the <strong>in-house playground<\/strong> &#8211; while you lounge on the large sun terrace in the sun or pursue your <strong>desire for all kinds of activities.<\/strong> <strong>Mountain biking<\/strong>, <strong>hiking<\/strong> or swimming &#8211; the <strong>Berghof<\/strong> is in the ideal location for all of these sports.<\/p>\n<p>During your next stay in <strong>K\u00e4rnten<\/strong>, savor what vacation at the Berghof means: <strong>carefree days<\/strong>, entertainment, sport, fun and relaxation for the <strong>whole family!<\/strong> We would be happy to send you a <strong>non-binding offer<\/strong> for a summer holiday tailored to your wishes!<\/p>\n<p>800<br \/>\nm<br \/>\nsea level<br \/>\n0<br \/>\nRoom<br \/>\n0<br \/>\nbeds<br \/>\n><br \/>\n0<br \/>\nkm<br \/>\nhiking trails<br \/>\n<img decoding=\"async\"  src=\"https:\/\/berg-hof.at\/wp-content\/uploads\/2023\/03\/Hotel-Berghof_Slider_Sommer1.jpg\" alt=\"Hotel-Berghof_Slider_Sommer1\" \/><br \/>\n<img decoding=\"async\"  src=\"https:\/\/berg-hof.at\/wp-content\/uploads\/2023\/03\/Hotel-Berghof_Slider_Sommer2.jpg\" alt=\"Hotel-Berghof_Slider_Sommer2\" \/><br \/>\n<img decoding=\"async\"  src=\"https:\/\/berg-hof.at\/wp-content\/uploads\/2023\/03\/SchiesstlscharteZirbePANO.jpg\" alt=\"SchiesstlscharteZirbePANO\" \/><br \/>\n<img decoding=\"async\"  src=\"https:\/\/berg-hof.at\/wp-content\/uploads\/2021\/06\/golf_in_kaernten_golfclub_bad_kleinkirchheim-original_f_Arno-sen-Gruber_c_Golfland-Kaernten.jpg\" alt=\"golf_in_kaernten_golfclub_bad_kleinkirchheim-original_(f)_Arno-sen-Gruber_(c)_Golfland-Kaernten\" \/><br \/>\nHotel Berghof<\/p>\n<h3>Garni &amp; More<\/h3>\n<p><strong>Hiking<\/strong> and <strong>taking a sauna<\/strong>, <strong>mountain biking<\/strong>, <strong>walking<\/strong>, <strong>swimming<\/strong> in the <strong>thermal baths<\/strong> or in the <strong>lake<\/strong> or wallowing in the alpine flair of St. Oswald&#8230;<br \/>\nThe location of our family-run hotel garni and apartment house Bergland fulfills all holiday wishes and makes every day in the Bad Kleinkirchheim region an absolute feel-good day. For singles, couples and families, for sports enthusiasts and connoisseurs.<\/p>\n<p>The day begins with our extensive gourmet breakfast buffet in our new breakfast room.<\/p>\n<p>Nur 100 m entfernt, er\u00f6ffnet sich f\u00fcr unsere G\u00e4ste das weitl\u00e4ufige Wohlf\u00fchl-Areal des Biosph\u00e4renpark Nockberge \u2013 eine Berg- und Talfahrt mit der 8er-Gondelbahn ist im Sommer kostenlos.<\/p>\n<p>A good reason to come back, to experience the region and our houses anew in every season.<\/p>\n<p>Garni &amp; More<\/p>\n<h3>meals<\/h3>\n<p>A refreshment for lunch or in the afternoon in the <strong>NockIN panorama restaurant<\/strong> at about 1,800 meters above sea level or with cake and coffee from the buffet in the Hotel Berghof.<\/p>\n<p>For <strong>dinner<\/strong> we recommend 2 restaurants in St. Oswald &#8211; all within walking distance. We would be happy to reserve a table for you.<\/p>\n<p><a href=\"https:\/\/berg-hof.at\/wp-content\/uploads\/2023\/03\/Doaswalder-Bauernkrapfen-preislbeer.jpg\" data-elementor-open-lightbox=\"yes\" data-elementor-lightbox-title=\"Doaswalder-Bauernkrapfen-preislbeer\" data-e-action-hash=\"#elementor-action%3Aaction%3Dlightbox%26settings%3DeyJpZCI6NzEyNCwidXJsIjoiaHR0cHM6XC9cL2Jlcmdob2YuY3M0d2ViLmF0XC93cC1jb250ZW50XC91cGxvYWRzXC8yMDIzXC8wM1wvRG9hc3dhbGRlci1CYXVlcm5rcmFwZmVuLXByZWlzbGJlZXIuanBnIn0%3D\"><br \/>\n<img decoding=\"async\" src=\"https:\/\/berg-hof.at\/wp-content\/uploads\/elementor\/thumbs\/Doaswalder-Bauernkrapfen-preislbeer-q44kczv2ow38f5shwp3376tmeehryuz1jghz1qhspg.jpg\" title=\"Doaswalder-Bauernkrapfen-preislbeer\" alt=\"Doaswalder-Bauernkrapfen-preislbeer\" loading=\"lazy\" \/>\t\t\t\t\t\t\t\t<\/a><br \/>\nin summer<\/p>\n<h3>meals<\/h3>\n<ul>\n<li>\n\t\t\t\t\t\t\t\t\t\tRich breakfast buffet with regional products<\/li>\n<li>\n\t\t\t\t\t\t\t\t\t\tVoucher for savory or sweet delicacies in the NockIN (only during Brunnach&#8217;s operating hours)<\/li>\n<li>\n\t\t\t\t\t\t\t\t\t\tCake, coffee and non-alcoholic juices from 12:00 p.m. to 4:00 p.m. from the Berghof buffet<\/li>\n<li>\n\t\t\t\t\t\t\t\t\t\t<strong>Our summer highlight:<br \/>\n1 x weekly mountain breakfast in the NockIN &#8211; exclusively for our guests<\/strong><\/li>\n<\/ul>\n<p><a href=\"https:\/\/berg-hof.at\/wp-content\/uploads\/2023\/05\/Cards.png\" data-elementor-open-lightbox=\"yes\" data-elementor-lightbox-title=\"Cards\" data-e-action-hash=\"#elementor-action%3Aaction%3Dlightbox%26settings%3DeyJpZCI6ODA2MCwidXJsIjoiaHR0cHM6XC9cL2Jlcmdob2YuY3M0d2ViLmF0XC93cC1jb250ZW50XC91cGxvYWRzXC8yMDIzXC8wNVwvQ2FyZHMucG5nIn0%3D\"><br \/>\n<img decoding=\"async\" src=\"https:\/\/berg-hof.at\/wp-content\/uploads\/elementor\/thumbs\/Cards-q6com5rx01v3mkbs5nip9r2uuc1km6frlwld7u0yok.png\" title=\"Cards\" alt=\"Cards\" loading=\"lazy\" \/>\t\t\t\t\t\t\t\t<\/a><br \/>\nIncluded in the room price from the 1st night<\/p>\n<h3>Bad Kleinkirchheim Sunshine Card<\/h3>\n<ul>\n<li>\n\t\t\t\t\t\t\t\t\t\tguided hikes with trained rangers<\/li>\n<li>\n\t\t\t\t\t\t\t\t\t\tguided bike tours with certified bike guides<\/li>\n<li>\n\t\t\t\t\t\t\t\t\t\tvaried program for children and families<\/li>\n<li>\n\t\t\t\t\t\t\t\t\t\tAttractive range of sports on Lake Brennsee and in Bad Kleinkirchheim<\/li>\n<li>\n\t\t\t\t\t\t\t\t\t\tReduced entry to the thermal baths<\/li>\n<li>\n\t\t\t\t\t\t\t\t\t\tNockmobil &#8211; call taxi in Bad Kleinkirchheim<\/li>\n<\/ul>\n<h3>K\u00e4rnten Card<\/h3>\n<ul>\n<li>\n\t\t\t\t\t\t\t\t\t\tover 100 excursion destinations every day (cable cars, shipping, animal parks, museums, adventure pools, &#8230;)<\/li>\n<li>\n\t\t\t\t\t\t\t\t\t\tover 50 bonus partners with great discounts<\/li>\n<li>\n\t\t\t\t\t\t\t\t\t\tSuper bonus partner with 50% discount<\/li>\n<li>\n\t\t\t\t\t\t\t\t\t\tUse of all \u00d6BB local and regional trains in Carinthia\/East Tyrol<\/li>\n<\/ul>\n<p><a href=\"https:\/\/berg-hof.at\/wp-content\/uploads\/2023\/06\/Logo_Berghof.png\" data-elementor-open-lightbox=\"yes\" data-elementor-lightbox-title=\"Logo_Berghof\" data-e-action-hash=\"#elementor-action%3Aaction%3Dlightbox%26settings%3DeyJpZCI6ODI0MCwidXJsIjoiaHR0cHM6XC9cL2Jlcmdob2YuY3M0d2ViLmF0XC93cC1jb250ZW50XC91cGxvYWRzXC8yMDIzXC8wNlwvTG9nb19CZXJnaG9mLnBuZyJ9\"><br \/>\n<img decoding=\"async\" width=\"300\" height=\"138\" src=\"https:\/\/berg-hof.at\/wp-content\/uploads\/2023\/06\/Logo_Berghof-300x138.png\" alt=\"\" srcset=\"https:\/\/berg-hof.at\/wp-content\/uploads\/2023\/06\/Logo_Berghof-300x138.png 300w, https:\/\/berg-hof.at\/wp-content\/uploads\/2023\/06\/Logo_Berghof.png 582w\" sizes=\"(max-width: 300px) 100vw, 300px\" \/>\t\t\t\t\t\t\t\t<\/a><br \/>\nFurther<\/p>\n<h3>included services<\/h3>\n<ul>\n<li>\n\t\t\t\t\t\t\t\t\t\tHiking backpack in the room<\/li>\n<li>\n\t\t\t\t\t\t\t\t\t\tBike garage with charging facility and tools for minor repairs<\/li>\n<li>\n\t\t\t\t\t\t\t\t\t\tWashing area for the bike<\/li>\n<li>\n\t\t\t\t\t\t\t\t\t\tUse of the saunas in the house<\/li>\n<li>\n\t\t\t\t\t\t\t\t\t\tReduced entry to the R\u00f6merbad thermal baths or St. Kathrein thermal baths<\/li>\n<li>\n\t\t\t\t\t\t\t\t\t\tNew high-speed WiFi in all rooms<\/li>\n<li>\n\t\t\t\t\t\t\t\t\t\tReserved parking space for the car in front of the house<\/li>\n<li>\n\t\t\t\t\t\t\t\t\t\tAdmission to the Sittlinger lido on Lake Milst\u00e4tter See (July 1st to August 26th)<\/li>\n<\/ul>\n","protected":false},"excerpt":{"rendered":"<p>Garni &amp; More Hotel Berghof Summer vacation in St. Oswald\/Bad Kleinkirchheim in the heart of the Nockberge Biosphere Park Garni &amp; More Hotel Berghof Summer vacation in St. Oswald\/Bad Kleinkirchheim in the heart of the Nockberge Biosphere Park Your 4-star holiday in Austria aEvery comfort in the BERGHOF Look forward to enjoyable days at Hotel [&hellip;]<\/p>\n","protected":false},"author":1,"featured_media":10090,"parent":8298,"menu_order":0,"comment_status":"closed","ping_status":"closed","template":"elementor_header_footer","meta":{"footnotes":""},"class_list":["post-8302","page","type-page","status-publish","has-post-thumbnail","hentry"],"yoast_head":"<title>Hotel Garni Berghof in St. Oswald \/ Bad Kleinkirchheim<\/title>\n<meta name=\"description\" content=\"The Hotel Berghof is a fantastic starting point in St. Oswald\/Bad Kleinkirchheim to explore the Nockberge Biosphere Park.\" \/>\n<meta name=\"robots\" content=\"index, follow, max-snippet:-1, max-image-preview:large, max-video-preview:-1\" \/>\n<link rel=\"canonical\" href=\"https:\/\/berg-hof.at\/en\/garni-more-in-summer\/\" \/>\n<meta property=\"og:locale\" content=\"en_US\" \/>\n<meta property=\"og:type\" content=\"article\" \/>\n<meta property=\"og:title\" content=\"Hotel Garni Berghof in St. Oswald \/ Bad Kleinkirchheim\" \/>\n<meta property=\"og:description\" content=\"The Hotel Berghof is a fantastic starting point in St. Oswald\/Bad Kleinkirchheim to explore the Nockberge Biosphere Park.\" \/>\n<meta property=\"og:url\" content=\"https:\/\/berg-hof.at\/en\/garni-more-in-summer\/\" \/>\n<meta property=\"og:site_name\" content=\"Hotel Berghof\" \/>\n<meta property=\"article:publisher\" content=\"https:\/\/www.facebook.com\/p\/Panorama-Restaurant-Nock-IN-100063532210470\/\" \/>\n<meta property=\"article:modified_time\" content=\"2023-08-17T09:50:05+00:00\" \/>\n<meta property=\"og:image\" content=\"https:\/\/berg-hof.at\/wp-content\/uploads\/2023\/03\/Hotel-Berghof_Slider_Sommer1.jpg\" \/>\n\t<meta property=\"og:image:width\" content=\"1700\" \/>\n\t<meta property=\"og:image:height\" content=\"1129\" \/>\n\t<meta property=\"og:image:type\" content=\"image\/jpeg\" \/>\n<meta name=\"twitter:card\" content=\"summary_large_image\" \/>\n<meta name=\"twitter:label1\" content=\"Est. reading time\" \/>\n\t<meta name=\"twitter:data1\" content=\"5 minutes\" \/>\n<script type=\"application\/ld+json\" class=\"yoast-schema-graph\">{\"@context\":\"https:\\\/\\\/schema.org\",\"@graph\":[{\"@type\":\"WebPage\",\"@id\":\"https:\\\/\\\/berg-hof.at\\\/en\\\/garni-more-in-summer\\\/\",\"url\":\"https:\\\/\\\/berg-hof.at\\\/en\\\/garni-more-in-summer\\\/\",\"name\":\"Hotel Garni Berghof in St. Oswald \\\/ Bad Kleinkirchheim\",\"isPartOf\":{\"@id\":\"https:\\\/\\\/berg-hof.at\\\/#website\"},\"primaryImageOfPage\":{\"@id\":\"https:\\\/\\\/berg-hof.at\\\/en\\\/garni-more-in-summer\\\/#primaryimage\"},\"image\":{\"@id\":\"https:\\\/\\\/berg-hof.at\\\/en\\\/garni-more-in-summer\\\/#primaryimage\"},\"thumbnailUrl\":\"https:\\\/\\\/berg-hof.at\\\/wp-content\\\/uploads\\\/2025\\\/07\\\/thumbnail_Berghof-von-oben-mit-Gondel-2.jpg\",\"datePublished\":\"2023-05-01T05:24:18+00:00\",\"dateModified\":\"2023-08-17T09:50:05+00:00\",\"description\":\"The Hotel Berghof is a fantastic starting point in St. Oswald\\\/Bad Kleinkirchheim to explore the Nockberge Biosphere Park.\",\"breadcrumb\":{\"@id\":\"https:\\\/\\\/berg-hof.at\\\/en\\\/garni-more-in-summer\\\/#breadcrumb\"},\"inLanguage\":\"en-US\",\"potentialAction\":[{\"@type\":\"ReadAction\",\"target\":[\"https:\\\/\\\/berg-hof.at\\\/en\\\/garni-more-in-summer\\\/\"]}]},{\"@type\":\"ImageObject\",\"inLanguage\":\"en-US\",\"@id\":\"https:\\\/\\\/berg-hof.at\\\/en\\\/garni-more-in-summer\\\/#primaryimage\",\"url\":\"https:\\\/\\\/berg-hof.at\\\/wp-content\\\/uploads\\\/2025\\\/07\\\/thumbnail_Berghof-von-oben-mit-Gondel-2.jpg\",\"contentUrl\":\"https:\\\/\\\/berg-hof.at\\\/wp-content\\\/uploads\\\/2025\\\/07\\\/thumbnail_Berghof-von-oben-mit-Gondel-2.jpg\",\"width\":1920,\"height\":1440},{\"@type\":\"BreadcrumbList\",\"@id\":\"https:\\\/\\\/berg-hof.at\\\/en\\\/garni-more-in-summer\\\/#breadcrumb\",\"itemListElement\":[{\"@type\":\"ListItem\",\"position\":1,\"name\":\"Startseite\",\"item\":\"https:\\\/\\\/berg-hof.at\\\/en\\\/\"},{\"@type\":\"ListItem\",\"position\":2,\"name\":\"Hotel Garni Berghof &#8211; do not delete!!!\",\"item\":\"https:\\\/\\\/berg-hof.at\\\/?page_id=6982\"},{\"@type\":\"ListItem\",\"position\":3,\"name\":\"Garni &amp; More in summer\"}]},{\"@type\":\"WebSite\",\"@id\":\"https:\\\/\\\/berg-hof.at\\\/#website\",\"url\":\"https:\\\/\\\/berg-hof.at\\\/\",\"name\":\"Hotel Berghof\",\"description\":\"Hotel Berghof, App Bergland, NockIn - Bad Kleinkirchheim\",\"publisher\":{\"@id\":\"https:\\\/\\\/berg-hof.at\\\/#organization\"},\"potentialAction\":[{\"@type\":\"SearchAction\",\"target\":{\"@type\":\"EntryPoint\",\"urlTemplate\":\"https:\\\/\\\/berg-hof.at\\\/?s={search_term_string}\"},\"query-input\":{\"@type\":\"PropertyValueSpecification\",\"valueRequired\":true,\"valueName\":\"search_term_string\"}}],\"inLanguage\":\"en-US\"},{\"@type\":\"Organization\",\"@id\":\"https:\\\/\\\/berg-hof.at\\\/#organization\",\"name\":\"Hotel Berghof\",\"alternateName\":\"Berghof\",\"url\":\"https:\\\/\\\/berg-hof.at\\\/\",\"logo\":{\"@type\":\"ImageObject\",\"inLanguage\":\"en-US\",\"@id\":\"https:\\\/\\\/berg-hof.at\\\/#\\\/schema\\\/logo\\\/image\\\/\",\"url\":\"https:\\\/\\\/berg-hof.at\\\/wp-content\\\/uploads\\\/2023\\\/03\\\/Logo_Neu_Garni_Web.png\",\"contentUrl\":\"https:\\\/\\\/berg-hof.at\\\/wp-content\\\/uploads\\\/2023\\\/03\\\/Logo_Neu_Garni_Web.png\",\"width\":800,\"height\":268,\"caption\":\"Hotel Berghof\"},\"image\":{\"@id\":\"https:\\\/\\\/berg-hof.at\\\/#\\\/schema\\\/logo\\\/image\\\/\"},\"sameAs\":[\"https:\\\/\\\/www.facebook.com\\\/p\\\/Panorama-Restaurant-Nock-IN-100063532210470\\\/\",\"https:\\\/\\\/www.instagram.com\\\/panoramarestaurant_nockin\\\/\"]}]}<\/script>","yoast_head_json":{"title":"Hotel Garni Berghof in St. Oswald \/ Bad Kleinkirchheim","description":"The Hotel Berghof is a fantastic starting point in St. Oswald\/Bad Kleinkirchheim to explore the Nockberge Biosphere Park.","robots":{"index":"index","follow":"follow","max-snippet":"max-snippet:-1","max-image-preview":"max-image-preview:large","max-video-preview":"max-video-preview:-1"},"canonical":"https:\/\/berg-hof.at\/en\/garni-more-in-summer\/","og_locale":"en_US","og_type":"article","og_title":"Hotel Garni Berghof in St. Oswald \/ Bad Kleinkirchheim","og_description":"The Hotel Berghof is a fantastic starting point in St. Oswald\/Bad Kleinkirchheim to explore the Nockberge Biosphere Park.","og_url":"https:\/\/berg-hof.at\/en\/garni-more-in-summer\/","og_site_name":"Hotel Berghof","article_publisher":"https:\/\/www.facebook.com\/p\/Panorama-Restaurant-Nock-IN-100063532210470\/","article_modified_time":"2023-08-17T09:50:05+00:00","og_image":[{"width":1700,"height":1129,"url":"https:\/\/berg-hof.at\/wp-content\/uploads\/2023\/03\/Hotel-Berghof_Slider_Sommer1.jpg","type":"image\/jpeg"}],"twitter_card":"summary_large_image","twitter_misc":{"Est. reading time":"5 minutes"},"schema":{"@context":"https:\/\/schema.org","@graph":[{"@type":"WebPage","@id":"https:\/\/berg-hof.at\/en\/garni-more-in-summer\/","url":"https:\/\/berg-hof.at\/en\/garni-more-in-summer\/","name":"Hotel Garni Berghof in St. Oswald \/ Bad Kleinkirchheim","isPartOf":{"@id":"https:\/\/berg-hof.at\/#website"},"primaryImageOfPage":{"@id":"https:\/\/berg-hof.at\/en\/garni-more-in-summer\/#primaryimage"},"image":{"@id":"https:\/\/berg-hof.at\/en\/garni-more-in-summer\/#primaryimage"},"thumbnailUrl":"https:\/\/berg-hof.at\/wp-content\/uploads\/2025\/07\/thumbnail_Berghof-von-oben-mit-Gondel-2.jpg","datePublished":"2023-05-01T05:24:18+00:00","dateModified":"2023-08-17T09:50:05+00:00","description":"The Hotel Berghof is a fantastic starting point in St. Oswald\/Bad Kleinkirchheim to explore the Nockberge Biosphere Park.","breadcrumb":{"@id":"https:\/\/berg-hof.at\/en\/garni-more-in-summer\/#breadcrumb"},"inLanguage":"en-US","potentialAction":[{"@type":"ReadAction","target":["https:\/\/berg-hof.at\/en\/garni-more-in-summer\/"]}]},{"@type":"ImageObject","inLanguage":"en-US","@id":"https:\/\/berg-hof.at\/en\/garni-more-in-summer\/#primaryimage","url":"https:\/\/berg-hof.at\/wp-content\/uploads\/2025\/07\/thumbnail_Berghof-von-oben-mit-Gondel-2.jpg","contentUrl":"https:\/\/berg-hof.at\/wp-content\/uploads\/2025\/07\/thumbnail_Berghof-von-oben-mit-Gondel-2.jpg","width":1920,"height":1440},{"@type":"BreadcrumbList","@id":"https:\/\/berg-hof.at\/en\/garni-more-in-summer\/#breadcrumb","itemListElement":[{"@type":"ListItem","position":1,"name":"Startseite","item":"https:\/\/berg-hof.at\/en\/"},{"@type":"ListItem","position":2,"name":"Hotel Garni Berghof &#8211; do not delete!!!","item":"https:\/\/berg-hof.at\/?page_id=6982"},{"@type":"ListItem","position":3,"name":"Garni &amp; More in summer"}]},{"@type":"WebSite","@id":"https:\/\/berg-hof.at\/#website","url":"https:\/\/berg-hof.at\/","name":"Hotel Berghof","description":"Hotel Berghof, App Bergland, NockIn - Bad Kleinkirchheim","publisher":{"@id":"https:\/\/berg-hof.at\/#organization"},"potentialAction":[{"@type":"SearchAction","target":{"@type":"EntryPoint","urlTemplate":"https:\/\/berg-hof.at\/?s={search_term_string}"},"query-input":{"@type":"PropertyValueSpecification","valueRequired":true,"valueName":"search_term_string"}}],"inLanguage":"en-US"},{"@type":"Organization","@id":"https:\/\/berg-hof.at\/#organization","name":"Hotel Berghof","alternateName":"Berghof","url":"https:\/\/berg-hof.at\/","logo":{"@type":"ImageObject","inLanguage":"en-US","@id":"https:\/\/berg-hof.at\/#\/schema\/logo\/image\/","url":"https:\/\/berg-hof.at\/wp-content\/uploads\/2023\/03\/Logo_Neu_Garni_Web.png","contentUrl":"https:\/\/berg-hof.at\/wp-content\/uploads\/2023\/03\/Logo_Neu_Garni_Web.png","width":800,"height":268,"caption":"Hotel Berghof"},"image":{"@id":"https:\/\/berg-hof.at\/#\/schema\/logo\/image\/"},"sameAs":["https:\/\/www.facebook.com\/p\/Panorama-Restaurant-Nock-IN-100063532210470\/","https:\/\/www.instagram.com\/panoramarestaurant_nockin\/"]}]}},"_links":{"self":[{"href":"https:\/\/berg-hof.at\/en\/wp-json\/wp\/v2\/pages\/8302","targetHints":{"allow":["GET"]}}],"collection":[{"href":"https:\/\/berg-hof.at\/en\/wp-json\/wp\/v2\/pages"}],"about":[{"href":"https:\/\/berg-hof.at\/en\/wp-json\/wp\/v2\/types\/page"}],"author":[{"embeddable":true,"href":"https:\/\/berg-hof.at\/en\/wp-json\/wp\/v2\/users\/1"}],"replies":[{"embeddable":true,"href":"https:\/\/berg-hof.at\/en\/wp-json\/wp\/v2\/comments?post=8302"}],"version-history":[{"count":4,"href":"https:\/\/berg-hof.at\/en\/wp-json\/wp\/v2\/pages\/8302\/revisions"}],"predecessor-version":[{"id":9596,"href":"https:\/\/berg-hof.at\/en\/wp-json\/wp\/v2\/pages\/8302\/revisions\/9596"}],"up":[{"embeddable":true,"href":"https:\/\/berg-hof.at\/en\/wp-json\/wp\/v2\/pages\/8298"}],"wp:featuredmedia":[{"embeddable":true,"href":"https:\/\/berg-hof.at\/en\/wp-json\/wp\/v2\/media\/10090"}],"wp:attachment":[{"href":"https:\/\/berg-hof.at\/en\/wp-json\/wp\/v2\/media?parent=8302"}],"curies":[{"name":"wp","href":"https:\/\/api.w.org\/{rel}","templated":true}]}}