{"id":9319,"date":"2023-05-02T12:20:48","date_gmt":"2023-05-02T10:20:48","guid":{"rendered":"https:\/\/berghof.cs4web.at\/appartamenti-e-altro-in-inverno\/"},"modified":"2023-08-17T11:55:20","modified_gmt":"2023-08-17T09:55:20","slug":"appartamenti-e-altro-in-inverno","status":"publish","type":"page","link":"https:\/\/berg-hof.at\/it\/appartamenti-e-altro-in-inverno\/","title":{"rendered":"Appartamenti e altro in inverno"},"content":{"rendered":"<h4>SKI IN \/ SKI OUT<\/h4>\n<h3>Appartamenti Bergland<\/h3>\n<p>Vacanze invernali a St. Oswald\/Bad Kleinkirchheim<br \/>\nAppartamenti a St. Oswald\/Bad Kleinkirchheim<\/p>\n<h3>Palazzina BERGLAND<\/h3>\n<p><strong>La nostra casa plurifamiliare arredata<\/strong> in modo esclusivo si trova in una posizione tranquilla e soleggiata, proprio accanto alla ferrovia <strong>del parco della biosfera di Brunnach.<\/strong> Gli spaziosi appartamenti sono tutti dotat<strong>i di balconi rivolti<\/strong> a sud ea ovest.<\/p>\n<p>Accoglienti <strong>appartamenti<\/strong> arredati in stile rustico da 2 a 6 persone, 32 &#8211; 70 m2. Posizione soleggiata <strong>nella pittoresca St. Oswald<\/strong>, proprio accanto alla funivia del parco della biosfera di Brunnach (cabina a 8 posti).<\/p>\n<p>800<br \/>\nm<br \/>\nlivello del mare<br \/>\n0<br \/>\nappartamenti<br \/>\n0<br \/>\nletti<br \/>\n><br \/>\n0<br \/>\nkm<br \/>\npendii<br \/>\nAppartamenti Bergland &amp; More<\/p>\n<h3>In inverno SKI IN SKI OUT<\/h3>\n<p>Inizi la giornata perfettamente, poich\u00e9 la <strong>scuola<\/strong> di sci (100 metri), gli impianti di <strong>risalita per bambini<\/strong> (100 metri) e la stazione a valle della cabinovia a 8 posti &#8211; <strong>ferrovia del parco<\/strong> della biosfera Brunnach &#8211; (150 metri) e il noleggio <strong>sci<\/strong> (150 metri) sono lontani.<\/p>\n<p>In inverno, come vacanziere sciistico, apprezzerete non solo l&#8217;accesso <strong>diretto al comprensorio sciistico<\/strong> di Bad Kleinkirchheim, ma anche il fatto che non dovete aver paura dei piedi ghiacciati. Perch\u00e9 riponiamo i tuoi scarponi da sci nell&#8217;apposito sistema di riscaldamento e <strong>asciugatura degli scarponi da sci.<\/strong> Vi riscalderete anche dopo una giornata sugli sci: con un Jagatee o una grappa nel bar <strong>apr\u00e8s-ski dell&#8217;hotel &#8220;Schneemandl&#8221;.<\/strong> Qui puoi festeggiare fino a sera in compagnia di persone che la pensano allo stesso modo e concludere la giornata in modo suggestivo.<\/p>\n<p>A gennaio l&#8217;ingresso alle terme \u00e8 compreso negli skipass! Richiedi i nostri pacchetti invernali.<\/p>\n<p><img decoding=\"async\"  src=\"https:\/\/berg-hof.at\/wp-content\/uploads\/2023\/03\/Appartements-Bergland_Slider_Winter.jpg\" alt=\"Appartements-Bergland_Slider_Winter\" \/><br \/>\nAppartamenti e altro<\/p>\n<h3>Appartamenti e altro<\/h3>\n<p>Servizio giornaliero di consegna del pane possibile su richiesta. Siete inoltre invitati a gustare ogni giorno la &#8220;colazione del benessere&#8221; nel nostro Hotel Berghof a un costo aggiuntivo.<\/p>\n<p><a href=\"https:\/\/berg-hof.at\/wp-content\/uploads\/2023\/03\/Doaswalder-Bauernkrapfen-preislbeer.jpg\" data-elementor-open-lightbox=\"yes\" data-elementor-lightbox-title=\"Doaswalder-Bauernkrapfen-preislbeer\" data-e-action-hash=\"#elementor-action%3Aaction%3Dlightbox%26settings%3DeyJpZCI6NzEyNCwidXJsIjoiaHR0cHM6XC9cL2Jlcmdob2YuY3M0d2ViLmF0XC93cC1jb250ZW50XC91cGxvYWRzXC8yMDIzXC8wM1wvRG9hc3dhbGRlci1CYXVlcm5rcmFwZmVuLXByZWlzbGJlZXIuanBnIn0%3D\"><br \/>\n<img decoding=\"async\" src=\"https:\/\/berg-hof.at\/wp-content\/uploads\/elementor\/thumbs\/Doaswalder-Bauernkrapfen-preislbeer-q44kczv2ow38f5shwp3376tmeehryuz1jghz1qhspg.jpg\" title=\"Doaswalder-Bauernkrapfen-preislbeer\" alt=\"Doaswalder-Bauernkrapfen-preislbeer\" loading=\"lazy\" \/>\t\t\t\t\t\t\t\t<\/a><br \/>\nin inverno<\/p>\n<h3>pasti<\/h3>\n<ul>\n<li>\n\t\t\t\t\t\t\t\t\t\tSupplemento per la nostra colazione a <strong>buffet nell&#8217;Hotel Berghof<\/strong> (a persona al giorno):<br \/>\nAdulto: \u20ac 18,-<br \/>\nBambini da 3 &#8211; 6 anni: \u20ac 7,-<br \/>\nBambini da 7 &#8211; 12 anni: \u20ac 9,-<br \/>\n<strong>Incluso:<\/strong><\/p>\n<ul>\n<li>buffet di colazione<\/li>\n<li>\u2022 Buono zuppa per il NockIN o per lo Schneemandl in valle (fino alle 16:00)<\/li>\n<li>Reinigung vom Appartement<\/li>\n<\/ul>\n<\/li>\n<\/ul>\n<p><a href=\"https:\/\/berg-hof.at\/wp-content\/uploads\/2023\/05\/csm_20190612_Sonnenschein_Card_0564479bb3.jpg\" data-elementor-open-lightbox=\"yes\" data-elementor-lightbox-title=\"csm_20190612_Sonnenschein_Card_0564479bb3\" data-e-action-hash=\"#elementor-action%3Aaction%3Dlightbox%26settings%3DeyJpZCI6ODE5NywidXJsIjoiaHR0cHM6XC9cL2Jlcmdob2YuY3M0d2ViLmF0XC93cC1jb250ZW50XC91cGxvYWRzXC8yMDIzXC8wNVwvY3NtXzIwMTkwNjEyX1Nvbm5lbnNjaGVpbl9DYXJkXzA1NjQ0NzliYjMuanBnIn0%3D\"><br \/>\n<img decoding=\"async\" src=\"https:\/\/berg-hof.at\/wp-content\/uploads\/elementor\/thumbs\/csm_20190612_Sonnenschein_Card_0564479bb3-q7807un80bke0vq5ihzd42q4wawpikkre0qehhcuc4.jpg\" title=\"csm_20190612_Sonnenschein_Card_0564479bb3\" alt=\"csm_20190612_Sonnenschein_Card_0564479bb3\" loading=\"lazy\" \/>\t\t\t\t\t\t\t\t<\/a><br \/>\nIncluso nel prezzo della camera dalla prima notte<\/p>\n<h3>Carta del sole di Bad Kleinkirchheim<\/h3>\n<ul>\n<li>\n\t\t\t\t\t\t\t\t\t\tgef\u00fchrte Winterwanderungen mit Biosph\u00e4renpark Ranger<\/li>\n<li>\n\t\t\t\t\t\t\t\t\t\tProgramma sportivo con guide qualificate<\/li>\n<li>\n\t\t\t\t\t\t\t\t\t\tentusiasmante programma per bambini e famiglie<\/li>\n<li>\n\t\t\t\t\t\t\t\t\t\tricco programma di attivit\u00e0 lontano dalle piste<\/li>\n<li>\n\t\t\t\t\t\t\t\t\t\tIngresso ridotto alle terme di St. Kathrein<\/li>\n<li>\n\t\t\t\t\t\t\t\t\t\tSkibus a Bad Kleinkirchheim<\/li>\n<li>\n\t\t\t\t\t\t\t\t\t\tErm\u00e4\u00dfigung auf die Berg- &amp; Talfahrt f\u00fcr Fu\u00dfg\u00e4nger und Winterwanderer<\/li>\n<\/ul>\n<p>Ulteriore<\/p>\n<h3>Inklusivleistungen<\/h3>\n<ul>\n<li>\n\t\t\t\t\t\t\t\t\t\tDeposito sci e scarponi con asciugascarponi<\/li>\n<li>\n\t\t\t\t\t\t\t\t\t\tUso delle saune in casa<\/li>\n<li>\n\t\t\t\t\t\t\t\t\t\tNuovo WiFi ad alta velocit\u00e0 in tutti gli appartamenti<\/li>\n<li>\n\t\t\t\t\t\t\t\t\t\tPosto auto riservato per l&#8217;auto davanti casa<\/li>\n<\/ul>\n","protected":false},"excerpt":{"rendered":"<p>SKI IN \/ SKI OUT Appartamenti Bergland Vacanze invernali a St. Oswald\/Bad Kleinkirchheim Appartamenti a St. Oswald\/Bad Kleinkirchheim Palazzina BERGLAND La nostra casa plurifamiliare arredata in modo esclusivo si trova in una posizione tranquilla e soleggiata, proprio accanto alla ferrovia del parco della biosfera di Brunnach. Gli spaziosi appartamenti sono tutti dotati di balconi rivolti [&hellip;]<\/p>\n","protected":false},"author":1,"featured_media":9151,"parent":9315,"menu_order":0,"comment_status":"closed","ping_status":"closed","template":"elementor_header_footer","meta":{"footnotes":""},"class_list":["post-9319","page","type-page","status-publish","has-post-thumbnail","hentry"],"yoast_head":"<title>Appartamenti Bergland a St. Oswald \/ Bad Kleinkirchheim<\/title>\n<meta name=\"description\" content=\"La nostra casa plurifamiliare arredata in modo esclusivo si trova in una posizione tranquilla e soleggiata, proprio accanto alla ferrovia del parco della biosfera di Brunnach.\" \/>\n<meta name=\"robots\" content=\"index, follow, max-snippet:-1, max-image-preview:large, max-video-preview:-1\" \/>\n<link rel=\"canonical\" href=\"https:\/\/berg-hof.at\/it\/appartamenti-e-altro-in-inverno\/\" \/>\n<meta property=\"og:locale\" content=\"it_IT\" \/>\n<meta property=\"og:type\" content=\"article\" \/>\n<meta property=\"og:title\" content=\"Appartamenti Bergland a St. Oswald \/ Bad Kleinkirchheim\" \/>\n<meta property=\"og:description\" content=\"La nostra casa plurifamiliare arredata in modo esclusivo si trova in una posizione tranquilla e soleggiata, proprio accanto alla ferrovia del parco della biosfera di Brunnach.\" \/>\n<meta property=\"og:url\" content=\"https:\/\/berg-hof.at\/it\/appartamenti-e-altro-in-inverno\/\" \/>\n<meta property=\"og:site_name\" content=\"Hotel Berghof\" \/>\n<meta property=\"article:publisher\" content=\"https:\/\/www.facebook.com\/p\/Panorama-Restaurant-Nock-IN-100063532210470\/\" \/>\n<meta property=\"article:modified_time\" content=\"2023-08-17T09:55:20+00:00\" \/>\n<meta property=\"og:image\" content=\"https:\/\/berg-hof.at\/wp-content\/uploads\/2023\/03\/Appartements-Bergland_Slider_Winter.jpg\" \/>\n\t<meta property=\"og:image:width\" content=\"1700\" \/>\n\t<meta property=\"og:image:height\" content=\"1129\" \/>\n\t<meta property=\"og:image:type\" content=\"image\/jpeg\" \/>\n<meta name=\"twitter:card\" content=\"summary_large_image\" \/>\n<meta name=\"twitter:label1\" content=\"Tempo di lettura stimato\" \/>\n\t<meta name=\"twitter:data1\" content=\"4 minuti\" \/>\n<script type=\"application\/ld+json\" class=\"yoast-schema-graph\">{\"@context\":\"https:\\\/\\\/schema.org\",\"@graph\":[{\"@type\":\"WebPage\",\"@id\":\"https:\\\/\\\/berg-hof.at\\\/it\\\/appartamenti-e-altro-in-inverno\\\/\",\"url\":\"https:\\\/\\\/berg-hof.at\\\/it\\\/appartamenti-e-altro-in-inverno\\\/\",\"name\":\"Appartamenti Bergland a St. Oswald \\\/ Bad Kleinkirchheim\",\"isPartOf\":{\"@id\":\"https:\\\/\\\/berg-hof.at\\\/#website\"},\"primaryImageOfPage\":{\"@id\":\"https:\\\/\\\/berg-hof.at\\\/it\\\/appartamenti-e-altro-in-inverno\\\/#primaryimage\"},\"image\":{\"@id\":\"https:\\\/\\\/berg-hof.at\\\/it\\\/appartamenti-e-altro-in-inverno\\\/#primaryimage\"},\"thumbnailUrl\":\"https:\\\/\\\/berg-hof.at\\\/wp-content\\\/uploads\\\/2023\\\/03\\\/Appartements-Bergland_Slider_Winter.jpg\",\"datePublished\":\"2023-05-02T10:20:48+00:00\",\"dateModified\":\"2023-08-17T09:55:20+00:00\",\"description\":\"La nostra casa plurifamiliare arredata in modo esclusivo si trova in una posizione tranquilla e soleggiata, proprio accanto alla ferrovia del parco della biosfera di Brunnach.\",\"breadcrumb\":{\"@id\":\"https:\\\/\\\/berg-hof.at\\\/it\\\/appartamenti-e-altro-in-inverno\\\/#breadcrumb\"},\"inLanguage\":\"it-IT\",\"potentialAction\":[{\"@type\":\"ReadAction\",\"target\":[\"https:\\\/\\\/berg-hof.at\\\/it\\\/appartamenti-e-altro-in-inverno\\\/\"]}]},{\"@type\":\"ImageObject\",\"inLanguage\":\"it-IT\",\"@id\":\"https:\\\/\\\/berg-hof.at\\\/it\\\/appartamenti-e-altro-in-inverno\\\/#primaryimage\",\"url\":\"https:\\\/\\\/berg-hof.at\\\/wp-content\\\/uploads\\\/2023\\\/03\\\/Appartements-Bergland_Slider_Winter.jpg\",\"contentUrl\":\"https:\\\/\\\/berg-hof.at\\\/wp-content\\\/uploads\\\/2023\\\/03\\\/Appartements-Bergland_Slider_Winter.jpg\",\"width\":1700,\"height\":1129},{\"@type\":\"BreadcrumbList\",\"@id\":\"https:\\\/\\\/berg-hof.at\\\/it\\\/appartamenti-e-altro-in-inverno\\\/#breadcrumb\",\"itemListElement\":[{\"@type\":\"ListItem\",\"position\":1,\"name\":\"Startseite\",\"item\":\"https:\\\/\\\/berg-hof.at\\\/it\\\/casa-berghof-inverno\\\/\"},{\"@type\":\"ListItem\",\"position\":2,\"name\":\"Appartements Bergland &#8211; nicht l\u00f6schen!!!\",\"item\":\"https:\\\/\\\/berg-hof.at\\\/?page_id=7169\"},{\"@type\":\"ListItem\",\"position\":3,\"name\":\"Appartamenti e altro in inverno\"}]},{\"@type\":\"WebSite\",\"@id\":\"https:\\\/\\\/berg-hof.at\\\/#website\",\"url\":\"https:\\\/\\\/berg-hof.at\\\/\",\"name\":\"Hotel Berghof\",\"description\":\"Hotel Berghof, App Bergland, NockIn - Bad Kleinkirchheim\",\"publisher\":{\"@id\":\"https:\\\/\\\/berg-hof.at\\\/#organization\"},\"potentialAction\":[{\"@type\":\"SearchAction\",\"target\":{\"@type\":\"EntryPoint\",\"urlTemplate\":\"https:\\\/\\\/berg-hof.at\\\/?s={search_term_string}\"},\"query-input\":{\"@type\":\"PropertyValueSpecification\",\"valueRequired\":true,\"valueName\":\"search_term_string\"}}],\"inLanguage\":\"it-IT\"},{\"@type\":\"Organization\",\"@id\":\"https:\\\/\\\/berg-hof.at\\\/#organization\",\"name\":\"Hotel Berghof\",\"alternateName\":\"Berghof\",\"url\":\"https:\\\/\\\/berg-hof.at\\\/\",\"logo\":{\"@type\":\"ImageObject\",\"inLanguage\":\"it-IT\",\"@id\":\"https:\\\/\\\/berg-hof.at\\\/#\\\/schema\\\/logo\\\/image\\\/\",\"url\":\"https:\\\/\\\/berg-hof.at\\\/wp-content\\\/uploads\\\/2023\\\/03\\\/Logo_Neu_Garni_Web.png\",\"contentUrl\":\"https:\\\/\\\/berg-hof.at\\\/wp-content\\\/uploads\\\/2023\\\/03\\\/Logo_Neu_Garni_Web.png\",\"width\":800,\"height\":268,\"caption\":\"Hotel Berghof\"},\"image\":{\"@id\":\"https:\\\/\\\/berg-hof.at\\\/#\\\/schema\\\/logo\\\/image\\\/\"},\"sameAs\":[\"https:\\\/\\\/www.facebook.com\\\/p\\\/Panorama-Restaurant-Nock-IN-100063532210470\\\/\",\"https:\\\/\\\/www.instagram.com\\\/panoramarestaurant_nockin\\\/\"]}]}<\/script>","yoast_head_json":{"title":"Appartamenti Bergland a St. Oswald \/ Bad Kleinkirchheim","description":"La nostra casa plurifamiliare arredata in modo esclusivo si trova in una posizione tranquilla e soleggiata, proprio accanto alla ferrovia del parco della biosfera di Brunnach.","robots":{"index":"index","follow":"follow","max-snippet":"max-snippet:-1","max-image-preview":"max-image-preview:large","max-video-preview":"max-video-preview:-1"},"canonical":"https:\/\/berg-hof.at\/it\/appartamenti-e-altro-in-inverno\/","og_locale":"it_IT","og_type":"article","og_title":"Appartamenti Bergland a St. Oswald \/ Bad Kleinkirchheim","og_description":"La nostra casa plurifamiliare arredata in modo esclusivo si trova in una posizione tranquilla e soleggiata, proprio accanto alla ferrovia del parco della biosfera di Brunnach.","og_url":"https:\/\/berg-hof.at\/it\/appartamenti-e-altro-in-inverno\/","og_site_name":"Hotel Berghof","article_publisher":"https:\/\/www.facebook.com\/p\/Panorama-Restaurant-Nock-IN-100063532210470\/","article_modified_time":"2023-08-17T09:55:20+00:00","og_image":[{"width":1700,"height":1129,"url":"https:\/\/berg-hof.at\/wp-content\/uploads\/2023\/03\/Appartements-Bergland_Slider_Winter.jpg","type":"image\/jpeg"}],"twitter_card":"summary_large_image","twitter_misc":{"Tempo di lettura stimato":"4 minuti"},"schema":{"@context":"https:\/\/schema.org","@graph":[{"@type":"WebPage","@id":"https:\/\/berg-hof.at\/it\/appartamenti-e-altro-in-inverno\/","url":"https:\/\/berg-hof.at\/it\/appartamenti-e-altro-in-inverno\/","name":"Appartamenti Bergland a St. Oswald \/ Bad Kleinkirchheim","isPartOf":{"@id":"https:\/\/berg-hof.at\/#website"},"primaryImageOfPage":{"@id":"https:\/\/berg-hof.at\/it\/appartamenti-e-altro-in-inverno\/#primaryimage"},"image":{"@id":"https:\/\/berg-hof.at\/it\/appartamenti-e-altro-in-inverno\/#primaryimage"},"thumbnailUrl":"https:\/\/berg-hof.at\/wp-content\/uploads\/2023\/03\/Appartements-Bergland_Slider_Winter.jpg","datePublished":"2023-05-02T10:20:48+00:00","dateModified":"2023-08-17T09:55:20+00:00","description":"La nostra casa plurifamiliare arredata in modo esclusivo si trova in una posizione tranquilla e soleggiata, proprio accanto alla ferrovia del parco della biosfera di Brunnach.","breadcrumb":{"@id":"https:\/\/berg-hof.at\/it\/appartamenti-e-altro-in-inverno\/#breadcrumb"},"inLanguage":"it-IT","potentialAction":[{"@type":"ReadAction","target":["https:\/\/berg-hof.at\/it\/appartamenti-e-altro-in-inverno\/"]}]},{"@type":"ImageObject","inLanguage":"it-IT","@id":"https:\/\/berg-hof.at\/it\/appartamenti-e-altro-in-inverno\/#primaryimage","url":"https:\/\/berg-hof.at\/wp-content\/uploads\/2023\/03\/Appartements-Bergland_Slider_Winter.jpg","contentUrl":"https:\/\/berg-hof.at\/wp-content\/uploads\/2023\/03\/Appartements-Bergland_Slider_Winter.jpg","width":1700,"height":1129},{"@type":"BreadcrumbList","@id":"https:\/\/berg-hof.at\/it\/appartamenti-e-altro-in-inverno\/#breadcrumb","itemListElement":[{"@type":"ListItem","position":1,"name":"Startseite","item":"https:\/\/berg-hof.at\/it\/casa-berghof-inverno\/"},{"@type":"ListItem","position":2,"name":"Appartements Bergland &#8211; nicht l\u00f6schen!!!","item":"https:\/\/berg-hof.at\/?page_id=7169"},{"@type":"ListItem","position":3,"name":"Appartamenti e altro in inverno"}]},{"@type":"WebSite","@id":"https:\/\/berg-hof.at\/#website","url":"https:\/\/berg-hof.at\/","name":"Hotel Berghof","description":"Hotel Berghof, App Bergland, NockIn - Bad Kleinkirchheim","publisher":{"@id":"https:\/\/berg-hof.at\/#organization"},"potentialAction":[{"@type":"SearchAction","target":{"@type":"EntryPoint","urlTemplate":"https:\/\/berg-hof.at\/?s={search_term_string}"},"query-input":{"@type":"PropertyValueSpecification","valueRequired":true,"valueName":"search_term_string"}}],"inLanguage":"it-IT"},{"@type":"Organization","@id":"https:\/\/berg-hof.at\/#organization","name":"Hotel Berghof","alternateName":"Berghof","url":"https:\/\/berg-hof.at\/","logo":{"@type":"ImageObject","inLanguage":"it-IT","@id":"https:\/\/berg-hof.at\/#\/schema\/logo\/image\/","url":"https:\/\/berg-hof.at\/wp-content\/uploads\/2023\/03\/Logo_Neu_Garni_Web.png","contentUrl":"https:\/\/berg-hof.at\/wp-content\/uploads\/2023\/03\/Logo_Neu_Garni_Web.png","width":800,"height":268,"caption":"Hotel Berghof"},"image":{"@id":"https:\/\/berg-hof.at\/#\/schema\/logo\/image\/"},"sameAs":["https:\/\/www.facebook.com\/p\/Panorama-Restaurant-Nock-IN-100063532210470\/","https:\/\/www.instagram.com\/panoramarestaurant_nockin\/"]}]}},"_links":{"self":[{"href":"https:\/\/berg-hof.at\/it\/wp-json\/wp\/v2\/pages\/9319","targetHints":{"allow":["GET"]}}],"collection":[{"href":"https:\/\/berg-hof.at\/it\/wp-json\/wp\/v2\/pages"}],"about":[{"href":"https:\/\/berg-hof.at\/it\/wp-json\/wp\/v2\/types\/page"}],"author":[{"embeddable":true,"href":"https:\/\/berg-hof.at\/it\/wp-json\/wp\/v2\/users\/1"}],"replies":[{"embeddable":true,"href":"https:\/\/berg-hof.at\/it\/wp-json\/wp\/v2\/comments?post=9319"}],"version-history":[{"count":4,"href":"https:\/\/berg-hof.at\/it\/wp-json\/wp\/v2\/pages\/9319\/revisions"}],"predecessor-version":[{"id":9604,"href":"https:\/\/berg-hof.at\/it\/wp-json\/wp\/v2\/pages\/9319\/revisions\/9604"}],"up":[{"embeddable":true,"href":"https:\/\/berg-hof.at\/it\/wp-json\/wp\/v2\/pages\/9315"}],"wp:featuredmedia":[{"embeddable":true,"href":"https:\/\/berg-hof.at\/it\/wp-json\/wp\/v2\/media\/9151"}],"wp:attachment":[{"href":"https:\/\/berg-hof.at\/it\/wp-json\/wp\/v2\/media?parent=9319"}],"curies":[{"name":"wp","href":"https:\/\/api.w.org\/{rel}","templated":true}]}}